{"id":172,"date":"2022-04-13T11:36:07","date_gmt":"2022-04-13T09:36:07","guid":{"rendered":"https:\/\/www.chalet2lacs.com\/?page_id=172"},"modified":"2026-02-03T09:37:41","modified_gmt":"2026-02-03T08:37:41","slug":"evenings","status":"publish","type":"page","link":"https:\/\/www.chalet2lacs.com\/en\/les-soirees\/","title":{"rendered":"The Evenings"},"content":{"rendered":"<div data-elementor-type=\"wp-page\" data-elementor-id=\"172\" class=\"elementor elementor-172\" data-elementor-post-type=\"page\">\n\t\t\t\t\t\t<section class=\"elementor-section elementor-top-section elementor-element elementor-element-505bfe08 elementor-section-full_width elementor-section-height-min-height elementor-section-height-default elementor-section-items-middle\" data-id=\"505bfe08\" data-element_type=\"section\" data-e-type=\"section\" data-settings=\"{&quot;background_background&quot;:&quot;classic&quot;}\">\n\t\t\t\t\t\t\t<div class=\"elementor-background-overlay\"><\/div>\n\t\t\t\t\t\t\t<div class=\"elementor-container elementor-column-gap-default\">\n\t\t\t\t\t<div class=\"elementor-column elementor-col-100 elementor-top-column elementor-element elementor-element-7f0d811\" data-id=\"7f0d811\" data-element_type=\"column\" data-e-type=\"column\">\n\t\t\t<div class=\"elementor-widget-wrap elementor-element-populated\">\n\t\t\t\t\t\t<div class=\"elementor-element elementor-element-127c955 animated-slow elementor-widget elementor-widget-text-editor\" data-id=\"127c955\" data-element_type=\"widget\" data-e-type=\"widget\" data-settings=\"{&quot;_animation&quot;:&quot;none&quot;}\" data-widget_type=\"text-editor.default\">\n\t\t\t\t<div class=\"elementor-widget-container\">\n\t\t\t\t\t\t\t\t\t<p>The Evenings<\/p>\t\t\t\t\t\t\t\t<\/div>\n\t\t\t\t<\/div>\n\t\t\t\t<div class=\"elementor-element elementor-element-35c8b901 animated-slow elementor-widget elementor-widget-heading\" data-id=\"35c8b901\" data-element_type=\"widget\" data-e-type=\"widget\" data-settings=\"{&quot;_animation&quot;:&quot;none&quot;}\" data-widget_type=\"heading.default\">\n\t\t\t\t<div class=\"elementor-widget-container\">\n\t\t\t\t\t<h1 class=\"elementor-heading-title elementor-size-default\">Chalet des 2 Lacs<\/h1>\t\t\t\t<\/div>\n\t\t\t\t<\/div>\n\t\t\t\t\t<\/div>\n\t\t<\/div>\n\t\t\t\t\t<\/div>\n\t\t<\/section>\n\t\t\t\t<section class=\"elementor-section elementor-top-section elementor-element elementor-element-01d8398 elementor-section-full_width elementor-section-height-default elementor-section-height-default\" data-id=\"01d8398\" data-element_type=\"section\" data-e-type=\"section\" data-settings=\"{&quot;background_background&quot;:&quot;classic&quot;}\">\n\t\t\t\t\t\t<div class=\"elementor-container elementor-column-gap-default\">\n\t\t\t\t\t<div class=\"elementor-column elementor-col-50 elementor-top-column elementor-element elementor-element-eb8b106\" data-id=\"eb8b106\" data-element_type=\"column\" data-e-type=\"column\" data-settings=\"{&quot;background_background&quot;:&quot;classic&quot;}\">\n\t\t\t<div class=\"elementor-widget-wrap elementor-element-populated\">\n\t\t\t\t\t\t<div class=\"elementor-element elementor-element-7a3dcb2 elementor-widget elementor-widget-heading\" data-id=\"7a3dcb2\" data-element_type=\"widget\" data-e-type=\"widget\" data-settings=\"{&quot;_animation&quot;:&quot;none&quot;}\" data-widget_type=\"heading.default\">\n\t\t\t\t<div class=\"elementor-widget-container\">\n\t\t\t\t\t<p class=\"elementor-heading-title elementor-size-default\">Live<\/p>\t\t\t\t<\/div>\n\t\t\t\t<\/div>\n\t\t\t\t<div class=\"elementor-element elementor-element-29194b7 elementor-widget elementor-widget-heading\" data-id=\"29194b7\" data-element_type=\"widget\" data-e-type=\"widget\" data-settings=\"{&quot;_animation&quot;:&quot;none&quot;}\" data-widget_type=\"heading.default\">\n\t\t\t\t<div class=\"elementor-widget-container\">\n\t\t\t\t\t<h2 class=\"elementor-heading-title elementor-size-default\">an authentic Savoyard experience<\/h2>\t\t\t\t<\/div>\n\t\t\t\t<\/div>\n\t\t\t\t<div class=\"elementor-element elementor-element-a7237de elementor-widget elementor-widget-text-editor\" data-id=\"a7237de\" data-element_type=\"widget\" data-e-type=\"widget\" data-settings=\"{&quot;_animation&quot;:&quot;none&quot;}\" data-widget_type=\"text-editor.default\">\n\t\t\t\t<div class=\"elementor-widget-container\">\n\t\t\t\t\t\t\t\t\t<p>After a day on the slopes, treat yourself to a unique and tasty experience at the Chalet des 2 Lacs. In the warm and cosy setting of this wooden chalet perched at an altitude of 2445 m, enjoy delicious Savoyard specialities.\u00a0<\/p><p>Au menu, une fondue savoyarde ou bourguignonne, ou encore une raclette : de quoi se r\u00e9chauffer apr\u00e8s avoir profit\u00e9 du domaine de Val Thorens et du d\u00e9cor magique des montagnes enneig\u00e9es.<\/p>\t\t\t\t\t\t\t\t<\/div>\n\t\t\t\t<\/div>\n\t\t\t\t<div class=\"elementor-element elementor-element-56d125f elementor-align-center elementor-widget elementor-widget-button\" data-id=\"56d125f\" data-element_type=\"widget\" data-e-type=\"widget\" data-widget_type=\"button.default\">\n\t\t\t\t<div class=\"elementor-widget-container\">\n\t\t\t\t\t\t\t\t\t<div class=\"elementor-button-wrapper\">\n\t\t\t\t\t<a class=\"elementor-button elementor-button-link elementor-size-sm\" href=\"https:\/\/www.chalet2lacs.com\/wp-content\/uploads\/2025\/10\/CD2L-MENU-SOIREES-21X29.7-SH6.pdf\" target=\"_blank\">\n\t\t\t\t\t\t<span class=\"elementor-button-content-wrapper\">\n\t\t\t\t\t\t\t\t\t<span class=\"elementor-button-text\">Discover<\/span>\n\t\t\t\t\t<\/span>\n\t\t\t\t\t<\/a>\n\t\t\t\t<\/div>\n\t\t\t\t\t\t\t\t<\/div>\n\t\t\t\t<\/div>\n\t\t\t\t\t<\/div>\n\t\t<\/div>\n\t\t\t\t<div class=\"elementor-column elementor-col-50 elementor-top-column elementor-element elementor-element-dbb6ee4\" data-id=\"dbb6ee4\" data-element_type=\"column\" data-e-type=\"column\">\n\t\t\t<div class=\"elementor-widget-wrap elementor-element-populated\">\n\t\t\t\t\t\t<div class=\"elementor-element elementor-element-a9c38a5 elementor-widget elementor-widget-image\" data-id=\"a9c38a5\" data-element_type=\"widget\" data-e-type=\"widget\" data-widget_type=\"image.default\">\n\t\t\t\t<div class=\"elementor-widget-container\">\n\t\t\t\t\t\t\t\t\t\t\t\t\t\t\t<img fetchpriority=\"high\" decoding=\"async\" width=\"1920\" height=\"1200\" src=\"https:\/\/www.chalet2lacs.com\/wp-content\/uploads\/2022\/04\/web_chalet_2_lacs_val_thorens_soirees_0008__DSC8455.jpg\" class=\"attachment-full size-full wp-image-697\" alt=\"\" srcset=\"https:\/\/www.chalet2lacs.com\/wp-content\/uploads\/2022\/04\/web_chalet_2_lacs_val_thorens_soirees_0008__DSC8455.jpg 1920w, https:\/\/www.chalet2lacs.com\/wp-content\/uploads\/2022\/04\/web_chalet_2_lacs_val_thorens_soirees_0008__DSC8455-300x188.jpg 300w, https:\/\/www.chalet2lacs.com\/wp-content\/uploads\/2022\/04\/web_chalet_2_lacs_val_thorens_soirees_0008__DSC8455-1024x640.jpg 1024w, https:\/\/www.chalet2lacs.com\/wp-content\/uploads\/2022\/04\/web_chalet_2_lacs_val_thorens_soirees_0008__DSC8455-768x480.jpg 768w, https:\/\/www.chalet2lacs.com\/wp-content\/uploads\/2022\/04\/web_chalet_2_lacs_val_thorens_soirees_0008__DSC8455-1536x960.jpg 1536w, https:\/\/www.chalet2lacs.com\/wp-content\/uploads\/2022\/04\/web_chalet_2_lacs_val_thorens_soirees_0008__DSC8455-18x12.jpg 18w\" sizes=\"(max-width: 1920px) 100vw, 1920px\" title=\"Photo -\">\t\t\t\t\t\t\t\t\t\t\t\t\t\t\t<\/div>\n\t\t\t\t<\/div>\n\t\t\t\t\t<\/div>\n\t\t<\/div>\n\t\t\t\t\t<\/div>\n\t\t<\/section>\n\t\t\t\t<section class=\"elementor-section elementor-top-section elementor-element elementor-element-8ff2f0d elementor-section-full_width elementor-section-height-default elementor-section-height-default\" data-id=\"8ff2f0d\" data-element_type=\"section\" data-e-type=\"section\" data-settings=\"{&quot;background_background&quot;:&quot;classic&quot;}\">\n\t\t\t\t\t\t<div class=\"elementor-container elementor-column-gap-default\">\n\t\t\t\t\t<div class=\"elementor-column elementor-col-50 elementor-top-column elementor-element elementor-element-d1f880a\" data-id=\"d1f880a\" data-element_type=\"column\" data-e-type=\"column\">\n\t\t\t<div class=\"elementor-widget-wrap elementor-element-populated\">\n\t\t\t\t\t\t<div class=\"elementor-element elementor-element-4b1e9a5 elementor-widget elementor-widget-image\" data-id=\"4b1e9a5\" data-element_type=\"widget\" data-e-type=\"widget\" data-widget_type=\"image.default\">\n\t\t\t\t<div class=\"elementor-widget-container\">\n\t\t\t\t\t\t\t\t\t\t\t\t\t\t\t<img decoding=\"async\" width=\"1920\" height=\"1200\" src=\"https:\/\/www.chalet2lacs.com\/wp-content\/uploads\/2022\/04\/web_chalet_2_lacs_val_thorens_soirees_0006_Chalet-2-Lacs-T.Loubere-1.jpg\" class=\"attachment-full size-full wp-image-696\" alt=\"\" srcset=\"https:\/\/www.chalet2lacs.com\/wp-content\/uploads\/2022\/04\/web_chalet_2_lacs_val_thorens_soirees_0006_Chalet-2-Lacs-T.Loubere-1.jpg 1920w, https:\/\/www.chalet2lacs.com\/wp-content\/uploads\/2022\/04\/web_chalet_2_lacs_val_thorens_soirees_0006_Chalet-2-Lacs-T.Loubere-1-300x188.jpg 300w, https:\/\/www.chalet2lacs.com\/wp-content\/uploads\/2022\/04\/web_chalet_2_lacs_val_thorens_soirees_0006_Chalet-2-Lacs-T.Loubere-1-1024x640.jpg 1024w, https:\/\/www.chalet2lacs.com\/wp-content\/uploads\/2022\/04\/web_chalet_2_lacs_val_thorens_soirees_0006_Chalet-2-Lacs-T.Loubere-1-768x480.jpg 768w, https:\/\/www.chalet2lacs.com\/wp-content\/uploads\/2022\/04\/web_chalet_2_lacs_val_thorens_soirees_0006_Chalet-2-Lacs-T.Loubere-1-1536x960.jpg 1536w, https:\/\/www.chalet2lacs.com\/wp-content\/uploads\/2022\/04\/web_chalet_2_lacs_val_thorens_soirees_0006_Chalet-2-Lacs-T.Loubere-1-18x12.jpg 18w\" sizes=\"(max-width: 1920px) 100vw, 1920px\" title=\"Photo -\">\t\t\t\t\t\t\t\t\t\t\t\t\t\t\t<\/div>\n\t\t\t\t<\/div>\n\t\t\t\t\t<\/div>\n\t\t<\/div>\n\t\t\t\t<div class=\"elementor-column elementor-col-50 elementor-top-column elementor-element elementor-element-e102c3b\" data-id=\"e102c3b\" data-element_type=\"column\" data-e-type=\"column\" data-settings=\"{&quot;background_background&quot;:&quot;classic&quot;}\">\n\t\t\t<div class=\"elementor-widget-wrap elementor-element-populated\">\n\t\t\t\t\t\t<div class=\"elementor-element elementor-element-d260bf2 elementor-widget elementor-widget-heading\" data-id=\"d260bf2\" data-element_type=\"widget\" data-e-type=\"widget\" data-settings=\"{&quot;_animation&quot;:&quot;none&quot;}\" data-widget_type=\"heading.default\">\n\t\t\t\t<div class=\"elementor-widget-container\">\n\t\t\t\t\t<p class=\"elementor-heading-title elementor-size-default\">Share<\/p>\t\t\t\t<\/div>\n\t\t\t\t<\/div>\n\t\t\t\t<div class=\"elementor-element elementor-element-b991241 elementor-widget elementor-widget-heading\" data-id=\"b991241\" data-element_type=\"widget\" data-e-type=\"widget\" data-settings=\"{&quot;_animation&quot;:&quot;none&quot;}\" data-widget_type=\"heading.default\">\n\t\t\t\t<div class=\"elementor-widget-container\">\n\t\t\t\t\t<h2 class=\"elementor-heading-title elementor-size-default\">an evening at 2445m<\/h2>\t\t\t\t<\/div>\n\t\t\t\t<\/div>\n\t\t\t\t<div class=\"elementor-element elementor-element-493f9c2 elementor-widget elementor-widget-text-editor\" data-id=\"493f9c2\" data-element_type=\"widget\" data-e-type=\"widget\" data-settings=\"{&quot;_animation&quot;:&quot;none&quot;}\" data-widget_type=\"text-editor.default\">\n\t\t\t\t<div class=\"elementor-widget-container\">\n\t\t\t\t\t\t\t\t\t<p><span style=\"font-family: 'Open Sans', sans-serif;\">Every Wednesday, the Chalet des 2 Lacs organises evenings (by reservation only), accompanied by music with Thierry on guitar. The round trip by snowcat or snowmobile is included in the price of the menu, subject to availability.<\/span><\/p>\t\t\t\t\t\t\t\t<\/div>\n\t\t\t\t<\/div>\n\t\t\t\t<div class=\"elementor-element elementor-element-9a3fdb0 elementor-align-center elementor-widget elementor-widget-button\" data-id=\"9a3fdb0\" data-element_type=\"widget\" data-e-type=\"widget\" data-widget_type=\"button.default\">\n\t\t\t\t<div class=\"elementor-widget-container\">\n\t\t\t\t\t\t\t\t\t<div class=\"elementor-button-wrapper\">\n\t\t\t\t\t<a class=\"elementor-button elementor-button-link elementor-size-sm\" href=\"https:\/\/www.chalet2lacs.com\/en\/acces-contact\/\">\n\t\t\t\t\t\t<span class=\"elementor-button-content-wrapper\">\n\t\t\t\t\t\t\t\t\t<span class=\"elementor-button-text\">Book<\/span>\n\t\t\t\t\t<\/span>\n\t\t\t\t\t<\/a>\n\t\t\t\t<\/div>\n\t\t\t\t\t\t\t\t<\/div>\n\t\t\t\t<\/div>\n\t\t\t\t\t<\/div>\n\t\t<\/div>\n\t\t\t\t\t<\/div>\n\t\t<\/section>\n\t\t\t\t<\/div>","protected":false},"excerpt":{"rendered":"<p>Les Soir\u00e9es Chalet des 2 Lacs Vivez une exp\u00e9rience savoyarde authentique Apr\u00e8s une journ\u00e9e sur les pistes, offrez-vous une exp\u00e9rience unique et savoureuse au Chalet des 2 Lacs. Dans le d\u00e9cor chaleureux et feutr\u00e9 de ce chalet en bois perch\u00e9 \u00e0 2 445 m d&rsquo;altitude, retrouvez-vous autour de d\u00e9licieuses sp\u00e9cialit\u00e9s savoyardes.\u00a0 Au menu, une fondue [&hellip;]<\/p>\n","protected":false},"author":12,"featured_media":0,"parent":0,"menu_order":0,"comment_status":"closed","ping_status":"closed","template":"","meta":{"inline_featured_image":false,"footnotes":""},"class_list":["post-172","page","type-page","status-publish","hentry"],"_links":{"self":[{"href":"https:\/\/www.chalet2lacs.com\/en\/wp-json\/wp\/v2\/pages\/172","targetHints":{"allow":["GET"]}}],"collection":[{"href":"https:\/\/www.chalet2lacs.com\/en\/wp-json\/wp\/v2\/pages"}],"about":[{"href":"https:\/\/www.chalet2lacs.com\/en\/wp-json\/wp\/v2\/types\/page"}],"author":[{"embeddable":true,"href":"https:\/\/www.chalet2lacs.com\/en\/wp-json\/wp\/v2\/users\/12"}],"replies":[{"embeddable":true,"href":"https:\/\/www.chalet2lacs.com\/en\/wp-json\/wp\/v2\/comments?post=172"}],"version-history":[{"count":110,"href":"https:\/\/www.chalet2lacs.com\/en\/wp-json\/wp\/v2\/pages\/172\/revisions"}],"predecessor-version":[{"id":1623,"href":"https:\/\/www.chalet2lacs.com\/en\/wp-json\/wp\/v2\/pages\/172\/revisions\/1623"}],"wp:attachment":[{"href":"https:\/\/www.chalet2lacs.com\/en\/wp-json\/wp\/v2\/media?parent=172"}],"curies":[{"name":"wp","href":"https:\/\/api.w.org\/{rel}","templated":true}]}}